{"id":650,"date":"2024-01-25T20:08:37","date_gmt":"2024-01-25T19:08:37","guid":{"rendered":"https:\/\/zbigniewpolit.pl\/?page_id=650"},"modified":"2024-07-11T15:08:29","modified_gmt":"2024-07-11T14:08:29","slug":"o-sobie","status":"publish","type":"page","link":"https:\/\/zbigniewpolit.pl\/index.php\/o-sobie\/","title":{"rendered":"O Mnie"},"content":{"rendered":"<p><img loading=\"lazy\" decoding=\"async\" class=\" wp-image-3236 alignright\" src=\"http:\/\/zbigniewpolit.pl\/wp-content\/uploads\/2024\/07\/grym5-1-227x300.jpg\" alt=\"\" width=\"317\" height=\"419\" srcset=\"https:\/\/zbigniewpolit.pl\/wp-content\/uploads\/2024\/07\/grym5-1-227x300.jpg 227w, https:\/\/zbigniewpolit.pl\/wp-content\/uploads\/2024\/07\/grym5-1.jpg 349w\" sizes=\"auto, (max-width: 317px) 100vw, 317px\" \/><\/p>\n<p>Jestem, bo jestem. I dobrze mi z tym.<br \/>\nA jak mnie nie b\u0119dzie, b\u0119d\u0105 inni, kt\u00f3rym te\u017c powinno by\u0107 z tym dobrze &#8230;<\/p>\n<p>&nbsp;<\/p>\n<p>W tw\u00f3rczo\u015bci amatorskiej, tej najprawdziwszej, bo wynikaj\u0105cej z wewn\u0119trznej potrzeby, samo zajmowanie si\u0119 tw\u00f3rczo\u015bci\u0105 artystyczn\u0105 jest wa\u017cniejsze ni\u017c stworzone dzie\u0142o.<\/p>\n<h3>Zbigniew Polit<\/h3>\n<p>&nbsp;<\/p>\n<p>&nbsp;<\/p>\n<p>&nbsp;<\/p>\n<p>www.polimet.pl<br \/>\nwww.zbigniewpolit.pl<br \/>\nzpolit@wp.pl<br \/>\nTel.: 504 196 895<\/p>\n","protected":false},"excerpt":{"rendered":"<p>Jestem, bo jestem. I dobrze mi z tym. A jak mnie nie b\u0119dzie, b\u0119d\u0105 inni, kt\u00f3rym te\u017c powinno by\u0107 z tym dobrze &#8230; &nbsp; W tw\u00f3rczo\u015bci amatorskiej, tej najprawdziwszej, bo wynikaj\u0105cej z wewn\u0119trznej potrzeby, samo zajmowanie si\u0119 tw\u00f3rczo\u015bci\u0105 artystyczn\u0105 jest wa\u017cniejsze ni\u017c stworzone dzie\u0142o. Zbigniew Polit &nbsp; &nbsp; &nbsp; www.polimet.pl www.zbigniewpolit.pl zpolit@wp.pl Tel.: 504 196 [&hellip;]<\/p>\n","protected":false},"author":1,"featured_media":0,"parent":0,"menu_order":0,"comment_status":"closed","ping_status":"closed","template":"","meta":{"footnotes":""},"class_list":["post-650","page","type-page","status-publish","hentry","post"],"_links":{"self":[{"href":"https:\/\/zbigniewpolit.pl\/index.php\/wp-json\/wp\/v2\/pages\/650","targetHints":{"allow":["GET"]}}],"collection":[{"href":"https:\/\/zbigniewpolit.pl\/index.php\/wp-json\/wp\/v2\/pages"}],"about":[{"href":"https:\/\/zbigniewpolit.pl\/index.php\/wp-json\/wp\/v2\/types\/page"}],"author":[{"embeddable":true,"href":"https:\/\/zbigniewpolit.pl\/index.php\/wp-json\/wp\/v2\/users\/1"}],"replies":[{"embeddable":true,"href":"https:\/\/zbigniewpolit.pl\/index.php\/wp-json\/wp\/v2\/comments?post=650"}],"version-history":[{"count":14,"href":"https:\/\/zbigniewpolit.pl\/index.php\/wp-json\/wp\/v2\/pages\/650\/revisions"}],"predecessor-version":[{"id":3233,"href":"https:\/\/zbigniewpolit.pl\/index.php\/wp-json\/wp\/v2\/pages\/650\/revisions\/3233"}],"wp:attachment":[{"href":"https:\/\/zbigniewpolit.pl\/index.php\/wp-json\/wp\/v2\/media?parent=650"}],"curies":[{"name":"wp","href":"https:\/\/api.w.org\/{rel}","templated":true}]}}