{"id":661,"date":"2024-01-25T20:37:58","date_gmt":"2024-01-25T19:37:58","guid":{"rendered":"https:\/\/zbigniewpolit.pl\/?page_id=661"},"modified":"2024-05-22T23:14:40","modified_gmt":"2024-05-22T22:14:40","slug":"poezja","status":"publish","type":"page","link":"https:\/\/zbigniewpolit.pl\/index.php\/poezja\/","title":{"rendered":"POEZJA"},"content":{"rendered":"<div id=\"pl-gb661-69e741ddaf784\"  class=\"panel-layout\" ><div id=\"pg-gb661-69e741ddaf784-0\"  class=\"panel-grid panel-has-style\" ><div class=\"panel-row-style panel-row-style-for-gb661-69e741ddaf784-0\" ><div id=\"pgc-gb661-69e741ddaf784-0-0\"  class=\"panel-grid-cell\" ><div id=\"panel-gb661-69e741ddaf784-0-0-0\" class=\"so-panel widget widget_sow-headline panel-first-child\" data-index=\"0\" ><div\n\t\t\t\n\t\t\tclass=\"so-widget-sow-headline so-widget-sow-headline-default-dfcfae207e75-661\"\n\t\t\t\n\t\t><div class=\"sow-headline-container \">\n\t<h1 class='sow-headline'>FRASZKI<\/h1><\/div>\n<\/div><\/div><div id=\"panel-gb661-69e741ddaf784-0-0-1\" class=\"so-panel widget widget_sow-hero panel-last-child\" data-index=\"1\" ><div class=\"panel-widget-style panel-widget-style-for-gb661-69e741ddaf784-0-0-1\" ><div\n\t\t\t\n\t\t\tclass=\"so-widget-sow-hero so-widget-sow-hero-default-4a632dc86a86-661 so-widget-fittext-wrapper\"\n\t\t\t data-fit-text-compressor=\"0.85\"\n\t\t>\t\t\t\t<div class=\"sow-slider-base\" style=\"display: none\" tabindex=\"0\">\n\t\t\t\t\t<ul\n\t\t\t\t\tclass=\"sow-slider-images\"\n\t\t\t\t\tdata-settings=\"{&quot;pagination&quot;:true,&quot;speed&quot;:400,&quot;timeout&quot;:8000,&quot;paused&quot;:false,&quot;pause_on_hover&quot;:false,&quot;swipe&quot;:true,&quot;nav_always_show_desktop&quot;:&quot;&quot;,&quot;nav_always_show_mobile&quot;:&quot;&quot;,&quot;breakpoint&quot;:&quot;780px&quot;,&quot;unmute&quot;:false,&quot;anchor&quot;:null}\"\n\t\t\t\t\tstyle=\"min-height: 450px\"\t\t\t\t\tdata-anchor-id=\"\"\n\t\t\t\t>\t\t<li class=\"sow-slider-image\" style=\"visibility: visible;;background-color: #ffffff;cursor: pointer;\" data-url=\"{&quot;url&quot;:&quot;https:\\\/\\\/zbigniewpolit.pl\\\/index.php\\\/fraszki\\\/&quot;,&quot;new_window&quot;:false}\" >\n\t\t\t\t\t<div class=\"sow-slider-image-container\">\n\t\t\t<div class=\"sow-slider-image-wrapper\">\n\t\t\t\t<p>&nbsp;<\/p>\n<p>&nbsp;<\/p>\n<p style=\"text-align: left;padding-left: 40px\">DECYZJA PANI ALDONY<\/p>\n<p style=\"text-align: left;padding-left: 40px\">Nikt nie kocha,<\/p>\n<p style=\"text-align: left;padding-left: 40px\">nikt nie bzyka,<\/p>\n<p style=\"text-align: left;padding-left: 40px\">No to daj\u0119 na Rydzyka.<\/p>\n\t\t\t<\/div>\n\t\t<\/div>\n\t\t\t\t<\/li>\n\t\t<\/ul>\t\t\t\t<ol class=\"sow-slider-pagination\">\n\t\t\t\t\t\t\t\t\t\t\t<li><a href=\"#\" data-goto=\"0\" aria-label=\"display slide 1\"><\/a><\/li>\n\t\t\t\t\t\t\t\t\t<\/ol>\n\n\t\t\t\t<div class=\"sow-slide-nav sow-slide-nav-next\">\n\t\t\t\t\t<a href=\"#\" data-goto=\"next\" aria-label=\"next slide\" data-action=\"next\">\n\t\t\t\t\t\t<em class=\"sow-sld-icon-thin-right\"><\/em>\n\t\t\t\t\t<\/a>\n\t\t\t\t<\/div>\n\n\t\t\t\t<div class=\"sow-slide-nav sow-slide-nav-prev\">\n\t\t\t\t\t<a href=\"#\" data-goto=\"previous\" aria-label=\"previous slide\" data-action=\"prev\">\n\t\t\t\t\t\t<em class=\"sow-sld-icon-thin-left\"><\/em>\n\t\t\t\t\t<\/a>\n\t\t\t\t<\/div>\n\t\t\t\t<\/div><\/div><\/div><\/div><\/div><div id=\"pgc-gb661-69e741ddaf784-0-1\"  class=\"panel-grid-cell panel-grid-cell-empty\" ><\/div><div id=\"pgc-gb661-69e741ddaf784-0-2\"  class=\"panel-grid-cell\" ><div id=\"panel-gb661-69e741ddaf784-0-2-0\" class=\"so-panel widget widget_sow-headline panel-first-child\" data-index=\"2\" ><div\n\t\t\t\n\t\t\tclass=\"so-widget-sow-headline so-widget-sow-headline-default-dfcfae207e75-661\"\n\t\t\t\n\t\t><div class=\"sow-headline-container \">\n\t<h1 class='sow-headline'>LIMERYKI<\/h1><\/div>\n<\/div><\/div><div id=\"panel-gb661-69e741ddaf784-0-2-1\" class=\"so-panel widget widget_sow-hero panel-last-child\" data-index=\"3\" ><div class=\"panel-widget-style panel-widget-style-for-gb661-69e741ddaf784-0-2-1\" ><div\n\t\t\t\n\t\t\tclass=\"so-widget-sow-hero so-widget-sow-hero-default-4a632dc86a86-661 so-widget-fittext-wrapper\"\n\t\t\t data-fit-text-compressor=\"0.85\"\n\t\t>\t\t\t\t<div class=\"sow-slider-base\" style=\"display: none\" tabindex=\"0\">\n\t\t\t\t\t<ul\n\t\t\t\t\tclass=\"sow-slider-images\"\n\t\t\t\t\tdata-settings=\"{&quot;pagination&quot;:true,&quot;speed&quot;:400,&quot;timeout&quot;:8000,&quot;paused&quot;:false,&quot;pause_on_hover&quot;:false,&quot;swipe&quot;:true,&quot;nav_always_show_desktop&quot;:&quot;&quot;,&quot;nav_always_show_mobile&quot;:&quot;&quot;,&quot;breakpoint&quot;:&quot;780px&quot;,&quot;unmute&quot;:false,&quot;anchor&quot;:null}\"\n\t\t\t\t\tstyle=\"min-height: 450px\"\t\t\t\t\tdata-anchor-id=\"\"\n\t\t\t\t>\t\t<li class=\"sow-slider-image\" style=\"visibility: visible;;background-color: #ffffff;cursor: pointer;\" data-url=\"{&quot;url&quot;:&quot;https:\\\/\\\/zbigniewpolit.pl\\\/index.php\\\/limeryki\\\/&quot;,&quot;new_window&quot;:false}\" >\n\t\t\t\t\t<div class=\"sow-slider-image-container\">\n\t\t\t<div class=\"sow-slider-image-wrapper\">\n\t\t\t\t<p>&nbsp;<\/p>\n<p>&nbsp;<\/p>\n<p style=\"padding-left: 40px\">DIABE\u0141<\/p>\n<p style=\"padding-left: 40px\">Jurny diabe\u0142 rodem z piek\u0142a<br \/>\nWzi\u0105\u0142 diablic\u0119, mimo ciep\u0142a.<br \/>\nOna, chocia\u017c ma\u0142a,<br \/>\nTe\u017c czadu dawa\u0142a,<br \/>\n\u2013<span class=\"Apple-converted-space\">\u00a0 <\/span>Jeste\u015b boski, tak mu rzek\u0142a \u2026<\/p>\n\t\t\t<\/div>\n\t\t<\/div>\n\t\t\t\t<\/li>\n\t\t<\/ul>\t\t\t\t<ol class=\"sow-slider-pagination\">\n\t\t\t\t\t\t\t\t\t\t\t<li><a href=\"#\" data-goto=\"0\" aria-label=\"display slide 1\"><\/a><\/li>\n\t\t\t\t\t\t\t\t\t<\/ol>\n\n\t\t\t\t<div class=\"sow-slide-nav sow-slide-nav-next\">\n\t\t\t\t\t<a href=\"#\" data-goto=\"next\" aria-label=\"next slide\" data-action=\"next\">\n\t\t\t\t\t\t<em class=\"sow-sld-icon-thin-right\"><\/em>\n\t\t\t\t\t<\/a>\n\t\t\t\t<\/div>\n\n\t\t\t\t<div class=\"sow-slide-nav sow-slide-nav-prev\">\n\t\t\t\t\t<a href=\"#\" data-goto=\"previous\" aria-label=\"previous slide\" data-action=\"prev\">\n\t\t\t\t\t\t<em class=\"sow-sld-icon-thin-left\"><\/em>\n\t\t\t\t\t<\/a>\n\t\t\t\t<\/div>\n\t\t\t\t<\/div><\/div><\/div><\/div><\/div><div id=\"pgc-gb661-69e741ddaf784-0-3\"  class=\"panel-grid-cell panel-grid-cell-empty\" ><\/div><div id=\"pgc-gb661-69e741ddaf784-0-4\"  class=\"panel-grid-cell\" ><div id=\"panel-gb661-69e741ddaf784-0-4-0\" class=\"so-panel widget widget_sow-headline panel-first-child\" data-index=\"4\" ><div\n\t\t\t\n\t\t\tclass=\"so-widget-sow-headline so-widget-sow-headline-default-dfcfae207e75-661\"\n\t\t\t\n\t\t><div class=\"sow-headline-container \">\n\t<h1 class='sow-headline'>WIERSZE<\/h1><\/div>\n<\/div><\/div><div id=\"panel-gb661-69e741ddaf784-0-4-1\" class=\"so-panel widget widget_sow-hero panel-last-child\" data-index=\"5\" ><div class=\"panel-widget-style panel-widget-style-for-gb661-69e741ddaf784-0-4-1\" ><div\n\t\t\t\n\t\t\tclass=\"so-widget-sow-hero so-widget-sow-hero-default-a9381635b488-661 so-widget-fittext-wrapper\"\n\t\t\t data-fit-text-compressor=\"0.85\"\n\t\t>\t\t\t\t<div class=\"sow-slider-base\" style=\"display: none\" tabindex=\"0\">\n\t\t\t\t\t<ul\n\t\t\t\t\tclass=\"sow-slider-images\"\n\t\t\t\t\tdata-settings=\"{&quot;pagination&quot;:true,&quot;speed&quot;:400,&quot;timeout&quot;:8000,&quot;paused&quot;:false,&quot;pause_on_hover&quot;:false,&quot;swipe&quot;:true,&quot;nav_always_show_desktop&quot;:&quot;&quot;,&quot;nav_always_show_mobile&quot;:&quot;&quot;,&quot;breakpoint&quot;:&quot;780px&quot;,&quot;unmute&quot;:false,&quot;anchor&quot;:null}\"\n\t\t\t\t\tstyle=\"min-height: 450px\"\t\t\t\t\tdata-anchor-id=\"\"\n\t\t\t\t>\t\t<li class=\"sow-slider-image\" style=\"visibility: visible;;background-color: #ffffff;cursor: pointer;\" data-url=\"{&quot;url&quot;:&quot;https:\\\/\\\/zbigniewpolit.pl\\\/index.php\\\/wiersze\\\/&quot;,&quot;new_window&quot;:false}\" >\n\t\t\t\t\t<div class=\"sow-slider-image-container\">\n\t\t\t<div class=\"sow-slider-image-wrapper\">\n\t\t\t\t<p style=\"padding-left: 40px\">INTELIGENT<\/p>\n<p style=\"padding-left: 40px\">Pewna mi\u0142a panna Anka,<br \/>\nBardzo chcia\u0142a mie\u0107 amantka.<br \/>\nZna\u0142a kilku niez\u0142ych go\u015bci,<br \/>\nLecz bez wi\u0119kszej za\u017cy\u0142o\u015bci.<br \/>\nA\u017c raz wiosn\u0105, przy straganie,<br \/>\nBrunet Andrzej pozna\u0142 Ani\u0119.<br \/>\nBy\u0142o tak, \u017ce szcz\u0119\u015bciem losu<br \/>\nChcia\u0142a kupi\u0107 do bigosu<br \/>\n\u0141eb kapusty, a \u0142b\u00f3w morze \u2013<br \/>\nAndrzej pom\u00f3g\u0142 jej w wyborze.<br \/>\n(&#8230;)<\/p>\n\t\t\t<\/div>\n\t\t<\/div>\n\t\t\t\t<\/li>\n\t\t<\/ul>\t\t\t\t<ol class=\"sow-slider-pagination\">\n\t\t\t\t\t\t\t\t\t\t\t<li><a href=\"#\" data-goto=\"0\" aria-label=\"display slide 1\"><\/a><\/li>\n\t\t\t\t\t\t\t\t\t<\/ol>\n\n\t\t\t\t<div class=\"sow-slide-nav sow-slide-nav-next\">\n\t\t\t\t\t<a href=\"#\" data-goto=\"next\" aria-label=\"next slide\" data-action=\"next\">\n\t\t\t\t\t\t<em class=\"sow-sld-icon-thin-right\"><\/em>\n\t\t\t\t\t<\/a>\n\t\t\t\t<\/div>\n\n\t\t\t\t<div class=\"sow-slide-nav sow-slide-nav-prev\">\n\t\t\t\t\t<a href=\"#\" data-goto=\"previous\" aria-label=\"previous slide\" data-action=\"prev\">\n\t\t\t\t\t\t<em class=\"sow-sld-icon-thin-left\"><\/em>\n\t\t\t\t\t<\/a>\n\t\t\t\t<\/div>\n\t\t\t\t<\/div><\/div><\/div><\/div><\/div><\/div><\/div><div id=\"pg-gb661-69e741ddaf784-1\"  class=\"panel-grid panel-no-style\" ><div id=\"pgc-gb661-69e741ddaf784-1-0\"  class=\"panel-grid-cell panel-grid-cell-empty\" ><\/div><div id=\"pgc-gb661-69e741ddaf784-1-1\"  class=\"panel-grid-cell panel-grid-cell-mobile-last\" ><div id=\"panel-gb661-69e741ddaf784-1-1-0\" class=\"so-panel widget widget_sow-headline panel-first-child\" data-index=\"6\" ><div\n\t\t\t\n\t\t\tclass=\"so-widget-sow-headline so-widget-sow-headline-default-dfcfae207e75-661\"\n\t\t\t\n\t\t><div class=\"sow-headline-container \">\n\t<h1 class='sow-headline'>SKECZE<\/h1><\/div>\n<\/div><\/div><div id=\"panel-gb661-69e741ddaf784-1-1-1\" class=\"so-panel widget widget_sow-hero panel-last-child\" data-index=\"7\" ><div class=\"panel-widget-style panel-widget-style-for-gb661-69e741ddaf784-1-1-1\" ><div\n\t\t\t\n\t\t\tclass=\"so-widget-sow-hero so-widget-sow-hero-default-3d0614faf98a-661 so-widget-fittext-wrapper\"\n\t\t\t data-fit-text-compressor=\"0.85\"\n\t\t>\t\t\t\t<div class=\"sow-slider-base\" style=\"display: none\" tabindex=\"0\">\n\t\t\t\t\t<ul\n\t\t\t\t\tclass=\"sow-slider-images\"\n\t\t\t\t\tdata-settings=\"{&quot;pagination&quot;:true,&quot;speed&quot;:400,&quot;timeout&quot;:8000,&quot;paused&quot;:false,&quot;pause_on_hover&quot;:false,&quot;swipe&quot;:true,&quot;nav_always_show_desktop&quot;:&quot;&quot;,&quot;nav_always_show_mobile&quot;:&quot;&quot;,&quot;breakpoint&quot;:&quot;780px&quot;,&quot;unmute&quot;:false,&quot;anchor&quot;:null}\"\n\t\t\t\t\tstyle=\"min-height: 350px\"\t\t\t\t\tdata-anchor-id=\"\"\n\t\t\t\t>\t\t<li class=\"sow-slider-image\" style=\"visibility: visible;;background-color: #ffffff;cursor: pointer;\" data-url=\"{&quot;url&quot;:&quot;https:\\\/\\\/zbigniewpolit.pl\\\/index.php\\\/skecze\\\/&quot;,&quot;new_window&quot;:false}\" >\n\t\t\t\t\t<div class=\"sow-slider-image-container\">\n\t\t\t<div class=\"sow-slider-image-wrapper\">\n\t\t\t\t<p>TRIATHLON \u2013 RELACJA<\/p>\n<p><i>Czytamy jednym tchem, emocjonalnie z silnymi akcentami. Jak rasowy komentator sportowy.<\/i><\/p>\n<p>Witam Pa\u0144stwa na starcie triatlonu pa\u0144 w Mr\u0105gowie, pogoda pi\u0119kna, podobnie jak panie, zawodniczki szykuj\u0105 si\u0119 do startu stylem dowolnym na jeziorze, ostatnie spojrzenia na t\u0119 morsk\u0105 to\u0144 jeziora, na ten oceaniczny bezkres drzemi\u0105cego \u017cywio\u0142u, kt\u00f3ry zaraz si\u0119 obudzi, Marta stoi godnie na boksie startowym, przywi\u0105zany tasiemkami na plecach&#8230;<\/p>\n\t\t\t<\/div>\n\t\t<\/div>\n\t\t\t\t<\/li>\n\t\t<\/ul>\t\t\t\t<ol class=\"sow-slider-pagination\">\n\t\t\t\t\t\t\t\t\t\t\t<li><a href=\"#\" data-goto=\"0\" aria-label=\"display slide 1\"><\/a><\/li>\n\t\t\t\t\t\t\t\t\t<\/ol>\n\n\t\t\t\t<div class=\"sow-slide-nav sow-slide-nav-next\">\n\t\t\t\t\t<a href=\"#\" data-goto=\"next\" aria-label=\"next slide\" data-action=\"next\">\n\t\t\t\t\t\t<em class=\"sow-sld-icon-thin-right\"><\/em>\n\t\t\t\t\t<\/a>\n\t\t\t\t<\/div>\n\n\t\t\t\t<div class=\"sow-slide-nav sow-slide-nav-prev\">\n\t\t\t\t\t<a href=\"#\" data-goto=\"previous\" aria-label=\"previous slide\" data-action=\"prev\">\n\t\t\t\t\t\t<em class=\"sow-sld-icon-thin-left\"><\/em>\n\t\t\t\t\t<\/a>\n\t\t\t\t<\/div>\n\t\t\t\t<\/div><\/div><\/div><\/div><\/div><div id=\"pgc-gb661-69e741ddaf784-1-2\"  class=\"panel-grid-cell panel-grid-cell-empty\" ><\/div><\/div><\/div>","protected":false},"excerpt":{"rendered":"","protected":false},"author":1,"featured_media":0,"parent":0,"menu_order":0,"comment_status":"closed","ping_status":"closed","template":"","meta":{"footnotes":""},"class_list":["post-661","page","type-page","status-publish","hentry","post"],"_links":{"self":[{"href":"https:\/\/zbigniewpolit.pl\/index.php\/wp-json\/wp\/v2\/pages\/661","targetHints":{"allow":["GET"]}}],"collection":[{"href":"https:\/\/zbigniewpolit.pl\/index.php\/wp-json\/wp\/v2\/pages"}],"about":[{"href":"https:\/\/zbigniewpolit.pl\/index.php\/wp-json\/wp\/v2\/types\/page"}],"author":[{"embeddable":true,"href":"https:\/\/zbigniewpolit.pl\/index.php\/wp-json\/wp\/v2\/users\/1"}],"replies":[{"embeddable":true,"href":"https:\/\/zbigniewpolit.pl\/index.php\/wp-json\/wp\/v2\/comments?post=661"}],"version-history":[{"count":46,"href":"https:\/\/zbigniewpolit.pl\/index.php\/wp-json\/wp\/v2\/pages\/661\/revisions"}],"predecessor-version":[{"id":1199,"href":"https:\/\/zbigniewpolit.pl\/index.php\/wp-json\/wp\/v2\/pages\/661\/revisions\/1199"}],"wp:attachment":[{"href":"https:\/\/zbigniewpolit.pl\/index.php\/wp-json\/wp\/v2\/media?parent=661"}],"curies":[{"name":"wp","href":"https:\/\/api.w.org\/{rel}","templated":true}]}}