{"id":663,"date":"2024-01-25T20:38:43","date_gmt":"2024-01-25T19:38:43","guid":{"rendered":"https:\/\/zbigniewpolit.pl\/?page_id=663"},"modified":"2024-07-22T07:23:51","modified_gmt":"2024-07-22T06:23:51","slug":"publicystyka","status":"publish","type":"page","link":"https:\/\/zbigniewpolit.pl\/index.php\/publicystyka\/","title":{"rendered":"PUBLICYSTYKA"},"content":{"rendered":"<div id=\"pl-663\"  class=\"panel-layout\" ><div id=\"pg-663-0\"  class=\"panel-grid panel-no-style\" ><div id=\"pgc-663-0-0\"  class=\"panel-grid-cell\" ><div id=\"panel-663-0-0-0\" class=\"so-panel widget widget_sow-hero panel-first-child panel-last-child\" data-index=\"0\" ><div\n\t\t\t\n\t\t\tclass=\"so-widget-sow-hero so-widget-sow-hero-default-de9290783187-663 so-widget-fittext-wrapper\"\n\t\t\t data-fit-text-compressor=\"0.85\"\n\t\t>\t\t\t\t<div class=\"sow-slider-base\" style=\"display: none\" tabindex=\"0\">\n\t\t\t\t\t<ul\n\t\t\t\t\tclass=\"sow-slider-images\"\n\t\t\t\t\tdata-settings=\"{&quot;pagination&quot;:true,&quot;speed&quot;:400,&quot;timeout&quot;:8000,&quot;paused&quot;:false,&quot;pause_on_hover&quot;:false,&quot;swipe&quot;:true,&quot;nav_always_show_desktop&quot;:&quot;&quot;,&quot;nav_always_show_mobile&quot;:&quot;&quot;,&quot;breakpoint&quot;:&quot;780px&quot;,&quot;unmute&quot;:false,&quot;anchor&quot;:null}\"\n\t\t\t\t\tstyle=\"min-height: 100%\"\t\t\t\t\tdata-anchor-id=\"\"\n\t\t\t\t>\t\t<li class=\"sow-slider-image\" style=\"visibility: visible;;cursor: pointer;\" data-url=\"{&quot;url&quot;:&quot;https:\\\/\\\/zbigniewpolit.pl\\\/index.php\\\/category\\\/felietony\\\/&quot;,&quot;new_window&quot;:false}\" >\n\t\t\t\t\t<div class=\"sow-slider-image-container\">\n\t\t\t<div class=\"sow-slider-image-wrapper\">\n\t\t\t\t<h1>Felietony<\/h1>\nPOMNIK PAMI\u0118CI NARODOWEJ\n\nczyli\n\nBIGOS NA WINIE\n\nFelieton.\n\nJest taki kraj, takie w nim miasto, gdzie smutek snuje si\u0119 po zakamarkach ulic jak bezdomne koty pozbawione nadziei\u2026\n\nTo jest takie motto, a teraz czytamy dalej.\n\nPrzy ko\u015bciele Chrystusa Kr\u00f3la w Jaros\u0142awiu stoi pomnik nazwany \u201ePami\u0119ci Narodowej\u201d. Rozbudowany gdy\u017c zamierzano uczyni\u0107 go dzie\u0142em edukacyjnym. Postawiono pod p\u0142otem oddzielaj\u0105cym od ulicy i wci\u015bni\u0119to mi\u0119dzy kiosk a inny p\u0142ot, u ksi\u0119dza proboszcza w ogr\u00f3dku.\n(.....)\n<p style=\"text-align: right\"><strong>Ci\u0105g dalszy i wi\u0119cej felieton\u00f3w...<\/strong><\/p>\t\t\t<\/div>\n\t\t<\/div>\n\t\t\t\t<\/li>\n\t\t<\/ul>\t\t\t\t<ol class=\"sow-slider-pagination\">\n\t\t\t\t\t\t\t\t\t\t\t<li><a href=\"#\" data-goto=\"0\" aria-label=\"display slide 1\"><\/a><\/li>\n\t\t\t\t\t\t\t\t\t<\/ol>\n\n\t\t\t\t<div class=\"sow-slide-nav sow-slide-nav-next\">\n\t\t\t\t\t<a href=\"#\" data-goto=\"next\" aria-label=\"next slide\" data-action=\"next\">\n\t\t\t\t\t\t<em class=\"sow-sld-icon-thin-right\"><\/em>\n\t\t\t\t\t<\/a>\n\t\t\t\t<\/div>\n\n\t\t\t\t<div class=\"sow-slide-nav sow-slide-nav-prev\">\n\t\t\t\t\t<a href=\"#\" data-goto=\"previous\" aria-label=\"previous slide\" data-action=\"prev\">\n\t\t\t\t\t\t<em class=\"sow-sld-icon-thin-left\"><\/em>\n\t\t\t\t\t<\/a>\n\t\t\t\t<\/div>\n\t\t\t\t<\/div><\/div><\/div><\/div><\/div><div id=\"pg-663-1\"  class=\"panel-grid panel-has-style\" ><div class=\"siteorigin-panels-stretch panel-row-style panel-row-style-for-663-1\" data-stretch-type=\"full\" ><div id=\"pgc-663-1-0\"  class=\"panel-grid-cell\" ><div id=\"panel-663-1-0-0\" class=\"so-panel widget widget_sow-hero panel-first-child panel-last-child\" data-index=\"1\" ><div\n\t\t\t\n\t\t\tclass=\"so-widget-sow-hero so-widget-sow-hero-default-9caf0d57d7aa-663 so-widget-fittext-wrapper\"\n\t\t\t data-fit-text-compressor=\"0.85\"\n\t\t>\t\t\t\t<div class=\"sow-slider-base\" style=\"display: none\" tabindex=\"0\">\n\t\t\t\t\t<ul\n\t\t\t\t\tclass=\"sow-slider-images\"\n\t\t\t\t\tdata-settings=\"{&quot;pagination&quot;:true,&quot;speed&quot;:400,&quot;timeout&quot;:8000,&quot;paused&quot;:false,&quot;pause_on_hover&quot;:false,&quot;swipe&quot;:false,&quot;nav_always_show_desktop&quot;:&quot;&quot;,&quot;nav_always_show_mobile&quot;:&quot;&quot;,&quot;breakpoint&quot;:&quot;780px&quot;,&quot;unmute&quot;:false,&quot;anchor&quot;:null}\"\n\t\t\t\t\tstyle=\"min-height: 100%\"\t\t\t\t\tdata-anchor-id=\"\"\n\t\t\t\t>\t\t<li class=\"sow-slider-image\" style=\"visibility: visible;;cursor: pointer;\" data-url=\"{&quot;url&quot;:&quot;https:\\\/\\\/zbigniewpolit.pl\\\/index.php\\\/wywiady\\\/&quot;,&quot;new_window&quot;:false}\" >\n\t\t\t\t\t<div class=\"sow-slider-image-container\">\n\t\t\t<div class=\"sow-slider-image-wrapper\">\n\t\t\t\t<h1>Aforyzmy<\/h1>\n<p><img decoding=\"async\" class=\"alignleft\" src=\"http:\/\/zbigniewpolit.pl\/wp-content\/uploads\/2024\/07\/40-300x87.jpg\" alt=\"Aforyzmy\" \/><img decoding=\"async\" class=\"alignleft\" src=\"http:\/\/zbigniewpolit.pl\/wp-content\/uploads\/2024\/07\/26-300x87.jpg\" alt=\"\" \/><img decoding=\"async\" class=\"alignleft\" src=\"http:\/\/zbigniewpolit.pl\/wp-content\/uploads\/2024\/07\/30-300x87.jpg\" alt=\"\" \/><img decoding=\"async\" class=\"alignleft\" src=\"http:\/\/zbigniewpolit.pl\/wp-content\/uploads\/2024\/07\/18-300x87.jpg\" alt=\"\" \/><\/p>\n<p>(...)<\/p>\n<p style=\"text-align: right\"><strong>Ci\u0105g dalszy i wi\u0119cej aforyzm\u00f3w...<\/strong><\/p>\n\t\t\t<\/div>\n\t\t<\/div>\n\t\t\t\t<\/li>\n\t\t<\/ul>\t\t\t\t<ol class=\"sow-slider-pagination\">\n\t\t\t\t\t\t\t\t\t\t\t<li><a href=\"#\" data-goto=\"0\" aria-label=\"display slide 1\"><\/a><\/li>\n\t\t\t\t\t\t\t\t\t<\/ol>\n\n\t\t\t\t<div class=\"sow-slide-nav sow-slide-nav-next\">\n\t\t\t\t\t<a href=\"#\" data-goto=\"next\" aria-label=\"next slide\" data-action=\"next\">\n\t\t\t\t\t\t<em class=\"sow-sld-icon-thin-right\"><\/em>\n\t\t\t\t\t<\/a>\n\t\t\t\t<\/div>\n\n\t\t\t\t<div class=\"sow-slide-nav sow-slide-nav-prev\">\n\t\t\t\t\t<a href=\"#\" data-goto=\"previous\" aria-label=\"previous slide\" data-action=\"prev\">\n\t\t\t\t\t\t<em class=\"sow-sld-icon-thin-left\"><\/em>\n\t\t\t\t\t<\/a>\n\t\t\t\t<\/div>\n\t\t\t\t<\/div><\/div><\/div><\/div><\/div><\/div><\/div>","protected":false},"excerpt":{"rendered":"<p>Felietony POMNIK PAMI\u0118CI NARODOWEJ czyli BIGOS NA WINIE Felieton. Jest taki kraj, takie w nim miasto, gdzie smutek snuje si\u0119 po zakamarkach ulic jak bezdomne koty pozbawione nadziei\u2026 To jest takie motto, a teraz czytamy dalej. Przy ko\u015bciele Chrystusa Kr\u00f3la w Jaros\u0142awiu stoi pomnik nazwany \u201ePami\u0119ci Narodowej\u201d. Rozbudowany gdy\u017c zamierzano uczyni\u0107 go dzie\u0142em edukacyjnym. Postawiono [&hellip;]<\/p>\n","protected":false},"author":1,"featured_media":0,"parent":0,"menu_order":0,"comment_status":"closed","ping_status":"closed","template":"","meta":{"footnotes":""},"class_list":["post-663","page","type-page","status-publish","hentry","post"],"_links":{"self":[{"href":"https:\/\/zbigniewpolit.pl\/index.php\/wp-json\/wp\/v2\/pages\/663","targetHints":{"allow":["GET"]}}],"collection":[{"href":"https:\/\/zbigniewpolit.pl\/index.php\/wp-json\/wp\/v2\/pages"}],"about":[{"href":"https:\/\/zbigniewpolit.pl\/index.php\/wp-json\/wp\/v2\/types\/page"}],"author":[{"embeddable":true,"href":"https:\/\/zbigniewpolit.pl\/index.php\/wp-json\/wp\/v2\/users\/1"}],"replies":[{"embeddable":true,"href":"https:\/\/zbigniewpolit.pl\/index.php\/wp-json\/wp\/v2\/comments?post=663"}],"version-history":[{"count":34,"href":"https:\/\/zbigniewpolit.pl\/index.php\/wp-json\/wp\/v2\/pages\/663\/revisions"}],"predecessor-version":[{"id":3327,"href":"https:\/\/zbigniewpolit.pl\/index.php\/wp-json\/wp\/v2\/pages\/663\/revisions\/3327"}],"wp:attachment":[{"href":"https:\/\/zbigniewpolit.pl\/index.php\/wp-json\/wp\/v2\/media?parent=663"}],"curies":[{"name":"wp","href":"https:\/\/api.w.org\/{rel}","templated":true}]}}